{"id":1743,"date":"2021-04-08T14:42:28","date_gmt":"2021-04-08T14:42:28","guid":{"rendered":"http:\/\/www.whisperingdoors.com\/?page_id=1743"},"modified":"2024-03-01T11:03:16","modified_gmt":"2024-03-01T11:03:16","slug":"games","status":"publish","type":"page","link":"http:\/\/www.whisperingdoors.com\/fr\/games\/","title":{"rendered":"Jeux"},"content":{"rendered":"<div data-elementor-type=\"wp-page\" data-elementor-id=\"1743\" class=\"elementor elementor-1743\" data-elementor-settings=\"[]\">\n\t\t\t\t\t\t<div class=\"elementor-inner\">\n\t\t\t\t\t\t\t<div class=\"elementor-section-wrap\">\n\t\t\t\t\t\t\t<section class=\"elementor-section elementor-top-section elementor-element elementor-element-28cf9ace elementor-section-boxed elementor-section-height-default elementor-section-height-default\" data-id=\"28cf9ace\" data-element_type=\"section\">\n\t\t\t\t\t\t<div class=\"elementor-container elementor-column-gap-default\">\n\t\t\t\t\t\t\t<div class=\"elementor-row\">\n\t\t\t\t\t<div class=\"elementor-column elementor-col-100 elementor-top-column elementor-element elementor-element-11be72e1\" data-id=\"11be72e1\" data-element_type=\"column\">\n\t\t\t<div class=\"elementor-column-wrap elementor-element-populated\">\n\t\t\t\t\t\t\t<div class=\"elementor-widget-wrap\">\n\t\t\t\t\t\t<div class=\"elementor-element elementor-element-35c220e8 elementor-widget elementor-widget-image\" data-id=\"35c220e8\" data-element_type=\"widget\" data-widget_type=\"image.default\">\n\t\t\t\t<div class=\"elementor-widget-container\">\n\t\t\t\t\t<div class=\"elementor-image\">\n\t\t\t\t\t\t\t\t\t\t<img width=\"1024\" height=\"328\" src=\"http:\/\/www.whisperingdoors.com\/wp-content\/uploads\/2021\/04\/banniere_02_game-1024x328.jpg\" class=\"attachment-large size-large\" alt=\"\" loading=\"lazy\" srcset=\"http:\/\/www.whisperingdoors.com\/wp-content\/uploads\/2021\/04\/banniere_02_game-1024x328.jpg 1024w, http:\/\/www.whisperingdoors.com\/wp-content\/uploads\/2021\/04\/banniere_02_game-300x96.jpg 300w, http:\/\/www.whisperingdoors.com\/wp-content\/uploads\/2021\/04\/banniere_02_game-768x246.jpg 768w, http:\/\/www.whisperingdoors.com\/wp-content\/uploads\/2021\/04\/banniere_02_game-16x5.jpg 16w, http:\/\/www.whisperingdoors.com\/wp-content\/uploads\/2021\/04\/banniere_02_game.jpg 1116w\" sizes=\"(max-width: 1024px) 100vw, 1024px\" \/>\t\t\t\t\t\t\t\t\t\t\t<\/div>\n\t\t\t\t<\/div>\n\t\t\t\t<\/div>\n\t\t\t\t\t\t<\/div>\n\t\t\t\t\t<\/div>\n\t\t<\/div>\n\t\t\t\t\t\t\t\t<\/div>\n\t\t\t\t\t<\/div>\n\t\t<\/section>\n\t\t\t\t<section class=\"elementor-section elementor-top-section elementor-element elementor-element-1ad77d43 elementor-section-boxed elementor-section-height-default elementor-section-height-default\" data-id=\"1ad77d43\" data-element_type=\"section\">\n\t\t\t\t\t\t<div class=\"elementor-container elementor-column-gap-default\">\n\t\t\t\t\t\t\t<div class=\"elementor-row\">\n\t\t\t\t\t<div class=\"elementor-column elementor-col-100 elementor-top-column elementor-element elementor-element-7edb237e\" data-id=\"7edb237e\" data-element_type=\"column\">\n\t\t\t<div class=\"elementor-column-wrap elementor-element-populated\">\n\t\t\t\t\t\t\t<div class=\"elementor-widget-wrap\">\n\t\t\t\t\t\t<div class=\"elementor-element elementor-element-351700fa elementor-widget elementor-widget-heading\" data-id=\"351700fa\" data-element_type=\"widget\" data-widget_type=\"heading.default\">\n\t\t\t\t<div class=\"elementor-widget-container\">\n\t\t\t<h4 class=\"elementor-heading-title elementor-size-default\">JEUX<\/h4>\t\t<\/div>\n\t\t\t\t<\/div>\n\t\t\t\t<div class=\"elementor-element elementor-element-6fa0b3cc elementor-widget elementor-widget-text-editor\" data-id=\"6fa0b3cc\" data-element_type=\"widget\" data-widget_type=\"text-editor.default\">\n\t\t\t\t<div class=\"elementor-widget-container\">\n\t\t\t\t\t<div class=\"elementor-text-editor elementor-clearfix\"><p><span class=\"VIiyi\" lang=\"en\"><span class=\"JLqJ4b ChMk0b\" data-language-for-alternatives=\"en\" data-language-to-translate-into=\"fr\" data-phrase-index=\"0\">Alors que vous avancez dans le couloir, le murmure se transforme peu \u00e0 peu en clameur puis en v\u00e9ritable tintamarre.<\/span> <span class=\"JLqJ4b ChMk0b\" data-language-for-alternatives=\"en\" data-language-to-translate-into=\"fr\" data-phrase-index=\"1\">Vous atteignez une lourde porte \u00e0 double-battants, que vous poussez.<\/span> <span class=\"JLqJ4b ChMk0b\" data-language-for-alternatives=\"en\" data-language-to-translate-into=\"fr\" data-phrase-index=\"2\">Aussit\u00f4t, une chaleur moite vous enveloppe et vous coupe le souffle. Vous balayez du regard la pi\u00e8ce hexagonale qui s'ouvre devant vous, mais vous savez d\u00e9j\u00e0 o\u00f9 vous vous trouvez. Sur le seuil de... la salle des jeux !<\/span><\/span><\/p><\/div>\n\t\t\t\t<\/div>\n\t\t\t\t<\/div>\n\t\t\t\t\t\t<\/div>\n\t\t\t\t\t<\/div>\n\t\t<\/div>\n\t\t\t\t\t\t\t\t<\/div>\n\t\t\t\t\t<\/div>\n\t\t<\/section>\n\t\t\t\t<section class=\"elementor-section elementor-top-section elementor-element elementor-element-7963019c elementor-section-boxed elementor-section-height-default elementor-section-height-default\" data-id=\"7963019c\" data-element_type=\"section\">\n\t\t\t\t\t\t<div class=\"elementor-container elementor-column-gap-default\">\n\t\t\t\t\t\t\t<div class=\"elementor-row\">\n\t\t\t\t\t<div class=\"elementor-column elementor-col-100 elementor-top-column elementor-element elementor-element-4a189ec9\" data-id=\"4a189ec9\" data-element_type=\"column\">\n\t\t\t<div class=\"elementor-column-wrap elementor-element-populated\">\n\t\t\t\t\t\t\t<div class=\"elementor-widget-wrap\">\n\t\t\t\t\t\t<div class=\"elementor-element elementor-element-249b9df6 elementor-widget-divider--view-line elementor-widget elementor-widget-divider\" data-id=\"249b9df6\" data-element_type=\"widget\" data-widget_type=\"divider.default\">\n\t\t\t\t<div class=\"elementor-widget-container\">\n\t\t\t\t\t<div class=\"elementor-divider\">\n\t\t\t<span class=\"elementor-divider-separator\">\n\t\t\t\t\t\t<\/span>\n\t\t<\/div>\n\t\t\t\t<\/div>\n\t\t\t\t<\/div>\n\t\t\t\t\t\t<\/div>\n\t\t\t\t\t<\/div>\n\t\t<\/div>\n\t\t\t\t\t\t\t\t<\/div>\n\t\t\t\t\t<\/div>\n\t\t<\/section>\n\t\t\t\t<section class=\"elementor-section elementor-top-section elementor-element elementor-element-53ec7837 elementor-section-boxed elementor-section-height-default elementor-section-height-default\" data-id=\"53ec7837\" data-element_type=\"section\">\n\t\t\t\t\t\t<div class=\"elementor-container elementor-column-gap-default\">\n\t\t\t\t\t\t\t<div class=\"elementor-row\">\n\t\t\t\t\t<div class=\"elementor-column elementor-col-100 elementor-top-column elementor-element elementor-element-611828a6\" data-id=\"611828a6\" data-element_type=\"column\">\n\t\t\t<div class=\"elementor-column-wrap elementor-element-populated\">\n\t\t\t\t\t\t\t<div class=\"elementor-widget-wrap\">\n\t\t\t\t\t\t<div class=\"elementor-element elementor-element-3cb377d2 elementor-widget elementor-widget-heading\" data-id=\"3cb377d2\" data-element_type=\"widget\" data-widget_type=\"heading.default\">\n\t\t\t\t<div class=\"elementor-widget-container\">\n\t\t\t<h3 class=\"elementor-heading-title elementor-size-default\">Bient\u00f4t : Josselin VAUDOUR & Thomas VERGUET - UNITED SOULS, the Boneless<\/h3>\t\t<\/div>\n\t\t\t\t<\/div>\n\t\t\t\t<div class=\"elementor-element elementor-element-bb9c0b3 elementor-widget-divider--view-line elementor-widget elementor-widget-divider\" data-id=\"bb9c0b3\" data-element_type=\"widget\" data-widget_type=\"divider.default\">\n\t\t\t\t<div class=\"elementor-widget-container\">\n\t\t\t\t\t<div class=\"elementor-divider\">\n\t\t\t<span class=\"elementor-divider-separator\">\n\t\t\t\t\t\t<\/span>\n\t\t<\/div>\n\t\t\t\t<\/div>\n\t\t\t\t<\/div>\n\t\t\t\t\t\t<\/div>\n\t\t\t\t\t<\/div>\n\t\t<\/div>\n\t\t\t\t\t\t\t\t<\/div>\n\t\t\t\t\t<\/div>\n\t\t<\/section>\n\t\t\t\t<section class=\"elementor-section elementor-top-section elementor-element elementor-element-4e455217 elementor-section-boxed elementor-section-height-default elementor-section-height-default\" data-id=\"4e455217\" data-element_type=\"section\">\n\t\t\t\t\t\t<div class=\"elementor-container elementor-column-gap-default\">\n\t\t\t\t\t\t\t<div class=\"elementor-row\">\n\t\t\t\t\t<div class=\"elementor-column elementor-col-66 elementor-top-column elementor-element elementor-element-1a233e1e\" data-id=\"1a233e1e\" data-element_type=\"column\">\n\t\t\t<div class=\"elementor-column-wrap elementor-element-populated\">\n\t\t\t\t\t\t\t<div class=\"elementor-widget-wrap\">\n\t\t\t\t\t\t<div class=\"elementor-element elementor-element-433edc7e elementor-widget elementor-widget-text-editor\" data-id=\"433edc7e\" data-element_type=\"widget\" data-widget_type=\"text-editor.default\">\n\t\t\t\t<div class=\"elementor-widget-container\">\n\t\t\t\t\t<div class=\"elementor-text-editor elementor-clearfix\"><h4><strong> NOM : <\/strong>UNITED SOULS, the boneless<\/h4><h5>TYPE: jeu de plateau et figurines collaboratif<\/h5><h5>AGE : 14 \u00e0 107 ans<\/h5><h5>JOUEURS : 2 \u00e0 3 joueurs<\/h5><h5>SORTIE : 2024<\/h5><p>Dans le monde de l\u2019au-del\u00e0, le terrifiant Ivar le D\u00e9soss\u00e9 cherche \u00e0 imposer sa tyrannie sur les peuples paisibles des environs. Incarnez le h\u00e9ros et compagnon de chaque village, collaborez avec les peuples voisins pour renvoyer Ivar dans le royaume des morts.<\/p><p>\u00a0<\/p><h5>Des nouvelles tr\u00e8s prochainement...<\/h5><\/div>\n\t\t\t\t<\/div>\n\t\t\t\t<\/div>\n\t\t\t\t\t\t<\/div>\n\t\t\t\t\t<\/div>\n\t\t<\/div>\n\t\t\t\t<div class=\"elementor-column elementor-col-33 elementor-top-column elementor-element elementor-element-416056dc\" data-id=\"416056dc\" data-element_type=\"column\">\n\t\t\t<div class=\"elementor-column-wrap elementor-element-populated\">\n\t\t\t\t\t\t\t<div class=\"elementor-widget-wrap\">\n\t\t\t\t\t\t<div class=\"elementor-element elementor-element-21ee8042 elementor-widget elementor-widget-image\" data-id=\"21ee8042\" data-element_type=\"widget\" data-widget_type=\"image.default\">\n\t\t\t\t<div class=\"elementor-widget-container\">\n\t\t\t\t\t<div class=\"elementor-image\">\n\t\t\t\t\t\t\t\t\t\t<img src=\"http:\/\/www.whisperingdoors.com\/wp-content\/uploads\/2021\/04\/plateau_02b.jpg\" title=\"plateau_02b\" alt=\"plateau_02b\" \/>\t\t\t\t\t\t\t\t\t\t\t<\/div>\n\t\t\t\t<\/div>\n\t\t\t\t<\/div>\n\t\t\t\t\t\t<\/div>\n\t\t\t\t\t<\/div>\n\t\t<\/div>\n\t\t\t\t\t\t\t\t<\/div>\n\t\t\t\t\t<\/div>\n\t\t<\/section>\n\t\t\t\t\t\t<\/div>\n\t\t\t\t\t\t<\/div>\n\t\t\t\t\t<\/div>","protected":false},"excerpt":{"rendered":"<p>GAMES As you walk down the hall the murmur gradually turns into clamor and finally to real uproar. A sweaty wave envelops you as you push open the heavy double-leaf door. You sweep your gaze across the vast room, but you already know where you are &#8230; The games room ! Upcoming : Josselin VAUDOUR &hellip;<\/p>\n<p class=\"read-more\"> <a class=\"\" href=\"http:\/\/www.whisperingdoors.com\/fr\/games\/\"> <span class=\"screen-reader-text\">Jeux<\/span> Lire la suite\u00a0\u00bb<\/a><\/p>","protected":false},"author":1,"featured_media":0,"parent":0,"menu_order":0,"comment_status":"closed","ping_status":"closed","template":"","meta":[],"_links":{"self":[{"href":"http:\/\/www.whisperingdoors.com\/fr\/wp-json\/wp\/v2\/pages\/1743"}],"collection":[{"href":"http:\/\/www.whisperingdoors.com\/fr\/wp-json\/wp\/v2\/pages"}],"about":[{"href":"http:\/\/www.whisperingdoors.com\/fr\/wp-json\/wp\/v2\/types\/page"}],"author":[{"embeddable":true,"href":"http:\/\/www.whisperingdoors.com\/fr\/wp-json\/wp\/v2\/users\/1"}],"replies":[{"embeddable":true,"href":"http:\/\/www.whisperingdoors.com\/fr\/wp-json\/wp\/v2\/comments?post=1743"}],"version-history":[{"count":26,"href":"http:\/\/www.whisperingdoors.com\/fr\/wp-json\/wp\/v2\/pages\/1743\/revisions"}],"predecessor-version":[{"id":1832,"href":"http:\/\/www.whisperingdoors.com\/fr\/wp-json\/wp\/v2\/pages\/1743\/revisions\/1832"}],"wp:attachment":[{"href":"http:\/\/www.whisperingdoors.com\/fr\/wp-json\/wp\/v2\/media?parent=1743"}],"curies":[{"name":"wp","href":"https:\/\/api.w.org\/{rel}","templated":true}]}}